{"id":18037,"date":"2023-08-18T18:23:34","date_gmt":"2023-08-18T15:23:34","guid":{"rendered":"https:\/\/tolunayugur.com\/?page_id=18037"},"modified":"2023-08-21T16:55:55","modified_gmt":"2023-08-21T13:55:55","slug":"faaliyet-alanlarimiz","status":"publish","type":"page","link":"https:\/\/tolunayugur.com\/en\/faaliyet-alanlarimiz\/","title":{"rendered":"Our Areas"},"content":{"rendered":"<div data-elementor-type=\"wp-page\" data-elementor-id=\"18037\" class=\"elementor elementor-18037\">\n\t\t\t\t\t\t<section class=\"elementor-section elementor-top-section elementor-element elementor-element-5e072ef2 scheme_dark elementor-section-boxed elementor-section-height-default elementor-section-height-default sc_fly_static\" data-id=\"5e072ef2\" data-element_type=\"section\" id=\"faaliyet-alanlarimiz\" data-settings=\"{&quot;background_background&quot;:&quot;classic&quot;}\">\n\t\t\t\t\t\t<div class=\"elementor-container elementor-column-gap-extended\">\n\t\t\t\t\t<div class=\"elementor-column elementor-col-100 elementor-top-column elementor-element elementor-element-505d0e55 sc_inner_width_none sc_content_align_inherit sc_layouts_column_icons_position_left sc_fly_static\" data-id=\"505d0e55\" data-element_type=\"column\">\n\t\t\t<div class=\"elementor-widget-wrap elementor-element-populated\">\n\t\t\t\t\t\t<section class=\"elementor-section elementor-inner-section elementor-element elementor-element-55e18d48 elementor-section-boxed elementor-section-height-default elementor-section-height-default sc_fly_static\" data-id=\"55e18d48\" data-element_type=\"section\">\n\t\t\t\t\t\t<div class=\"elementor-container elementor-column-gap-no\">\n\t\t\t\t\t<div class=\"elementor-column elementor-col-50 elementor-inner-column elementor-element elementor-element-490de43a sc_inner_width_none sc_content_align_inherit sc_layouts_column_icons_position_left sc_fly_static\" data-id=\"490de43a\" data-element_type=\"column\">\n\t\t\t<div class=\"elementor-widget-wrap elementor-element-populated\">\n\t\t\t\t\t\t<div class=\"elementor-element elementor-element-62b4e403 sc_fly_static elementor-widget elementor-widget-trx_sc_title\" data-id=\"62b4e403\" data-element_type=\"widget\" data-widget_type=\"trx_sc_title.default\">\n\t\t\t\t<div class=\"elementor-widget-container\">\n\t\t\t\t\t<div\t\tclass=\"sc_title sc_title_accent\" ><span class=\"sc_item_subtitle sc_title_subtitle sc_item_subtitle_above sc_item_title_style_accent\">Legal areas we serve<\/span><h1 class=\"sc_item_title sc_title_title sc_item_title_style_accent sc_item_title_tag\"\n\t\t\t><span class=\"sc_item_title_text\">Our Areas<\/span><\/h1><\/div>\t\t\t\t<\/div>\n\t\t\t\t<\/div>\n\t\t\t\t\t<\/div>\n\t\t<\/div>\n\t\t\t\t<div class=\"elementor-column elementor-col-50 elementor-inner-column elementor-element elementor-element-6d05632e sc_inner_width_none sc_content_align_inherit sc_layouts_column_icons_position_left sc_fly_static\" data-id=\"6d05632e\" data-element_type=\"column\">\n\t\t\t<div class=\"elementor-widget-wrap\">\n\t\t\t\t\t\t\t<\/div>\n\t\t<\/div>\n\t\t\t\t\t<\/div>\n\t\t<\/section>\n\t\t\t\t<section class=\"elementor-section elementor-inner-section elementor-element elementor-element-e772c0c elementor-section-boxed elementor-section-height-default elementor-section-height-default sc_fly_static\" data-id=\"e772c0c\" data-element_type=\"section\">\n\t\t\t\t\t\t<div class=\"elementor-container elementor-column-gap-no\">\n\t\t\t\t\t<div class=\"elementor-column elementor-col-100 elementor-inner-column elementor-element elementor-element-2d84ed48 sc_inner_width_none sc_content_align_inherit sc_layouts_column_icons_position_left sc_fly_static\" data-id=\"2d84ed48\" data-element_type=\"column\">\n\t\t\t<div class=\"elementor-widget-wrap elementor-element-populated\">\n\t\t\t\t\t\t\t<\/div>\n\t\t<\/div>\n\t\t\t\t\t<\/div>\n\t\t<\/section>\n\t\t\t\t<section class=\"elementor-section elementor-inner-section elementor-element elementor-element-3b8e7f9f elementor-section-boxed elementor-section-height-default elementor-section-height-default sc_fly_static\" data-id=\"3b8e7f9f\" data-element_type=\"section\">\n\t\t\t\t\t\t<div class=\"elementor-container elementor-column-gap-no\">\n\t\t\t\t\t<div class=\"elementor-column elementor-col-100 elementor-inner-column elementor-element elementor-element-5ebe786b sc_inner_width_none sc_content_align_inherit sc_layouts_column_icons_position_left sc_fly_static\" data-id=\"5ebe786b\" data-element_type=\"column\" data-settings=\"{&quot;background_background&quot;:&quot;classic&quot;}\">\n\t\t\t<div class=\"elementor-widget-wrap elementor-element-populated\">\n\t\t\t\t\t\t<div class=\"elementor-element elementor-element-4f47c748 elementor-widget__width-auto elementor-absolute animation_type_block sc_fly_static elementor-invisible elementor-widget elementor-widget-image\" data-id=\"4f47c748\" data-element_type=\"widget\" data-settings=\"{&quot;_position&quot;:&quot;absolute&quot;,&quot;_animation&quot;:&quot;qwery-infinite-rotate&quot;}\" data-widget_type=\"image.default\">\n\t\t\t\t<div class=\"elementor-widget-container\">\n\t\t\t\t\t\t\t\t\t\t\t\t\t\t\t<img decoding=\"async\" src=\"https:\/\/tolunayugur.com\/wp-content\/uploads\/2020\/12\/laweyr_label.png\" title=\"laweyr_label\" alt=\"laweyr_label\" loading=\"lazy\" \/>\t\t\t\t\t\t\t\t\t\t\t\t\t\t\t<\/div>\n\t\t\t\t<\/div>\n\t\t\t\t<div class=\"elementor-element elementor-element-5451ae34 sc_fly_static elementor-widget elementor-widget-trx_sc_services\" data-id=\"5451ae34\" data-element_type=\"widget\" data-widget_type=\"trx_sc_services.default\">\n\t\t\t\t<div class=\"elementor-widget-container\">\n\t\t\t\t\t<div class=\"sc_services sc_services_strong sc_services_featured_top\"><div  class=\"sc_services_slider sc_item_slider slider_swiper_outer slider_outer slider_outer_controls slider_outer_controls_top slider_outer_pagination slider_outer_pagination_bullets slider_outer_pagination_pos_bottom slider_outer_nocentered slider_outer_overflow_visible slider_outer_multi\">\n\t<div  data-slides-per-view-breakpoints=\"{&quot;999999&quot;:3}\" class=\"slider_container swiper-slider-container slider_swiper slider_noresize slider_controls slider_controls_top slider_pagination slider_pagination_bullets slider_pagination_pos_bottom slider_nocentered slider_overflow_visible slider_multi\" data-slides-per-view=\"3\" data-slides-space=\"30\" data-effect=\"slide\" data-slides-min-width=\"200\" data-pagination=\"bullets\" data-direction=\"horizontal\" data-mouse-wheel=\"0\" data-autoplay=\"1\" data-loop=\"1\" data-free-mode=\"0\" data-slides-centered=\"0\" data-slides-overflow=\"1\">\n\t\t<div class=\"slides slider-wrapper swiper-wrapper sc_item_columns_3\"><div class=\"slider-slide swiper-slide\"><div data-post-id=\"17889\" class=\"sc_services_item sc_item_container post_container without_content with_more with_image with_number post-17889 cpt_services type-cpt_services status-publish has-post-thumbnail hentry\">\r\n\t\t<div class=\"sc_services_item_content\" style=\"background-image: url(https:\/\/tolunayugur.com\/wp-content\/uploads\/2023\/08\/Shutterstock-bSpFYfi2k3-1-840x560.jpg);\">\r\n\t\t\t\t<div class=\"sc_services_item_content_inner\"><div class=\"sc_services_item_content_inner_top\"><span class=\"sc_services_item_number\">01.<\/span><\/div><div class=\"sc_services_item_content_inner_bottom\">\r\n                <h6 class=\"sc_services_item_title\"><a href=\"https:\/\/tolunayugur.com\/en\/hizmet\/aile-hukuku\/\">Family Law<\/a><\/h6>\r\n                <div class=\"sc_services_item_button sc_item_button\">\r\n                    <a href=\"https:\/\/tolunayugur.com\/en\/hizmet\/aile-hukuku\/\" class=\"sc_services_item_more_link\">\r\n                        <span class=\"link_text\">More information<\/span><span class=\"link_icon\"><\/span>\r\n                    <\/a>\r\n                    <\/div><\/div><\/div><a class=\"sc_services_item_link\" href=\"https:\/\/tolunayugur.com\/en\/hizmet\/aile-hukuku\/\"><\/a><\/div><\/div><\/div><div class=\"slider-slide swiper-slide\"><div data-post-id=\"17927\" class=\"sc_services_item sc_item_container post_container without_content with_more with_image with_number post-17927 cpt_services type-cpt_services status-publish has-post-thumbnail hentry\">\r\n\t\t<div class=\"sc_services_item_content\" style=\"background-image: url(https:\/\/tolunayugur.com\/wp-content\/uploads\/2023\/08\/Shutterstock-Q1mHsP7GtM-1-840x560.jpg);\">\r\n\t\t\t\t<div class=\"sc_services_item_content_inner\"><div class=\"sc_services_item_content_inner_top\"><span class=\"sc_services_item_number\">02.<\/span><\/div><div class=\"sc_services_item_content_inner_bottom\">\r\n                <h6 class=\"sc_services_item_title\"><a href=\"https:\/\/tolunayugur.com\/en\/hizmet\/kisiler-hukuku\/\">Law of Persons<\/a><\/h6>\r\n                <div class=\"sc_services_item_button sc_item_button\">\r\n                    <a href=\"https:\/\/tolunayugur.com\/en\/hizmet\/kisiler-hukuku\/\" class=\"sc_services_item_more_link\">\r\n                        <span class=\"link_text\">More information<\/span><span class=\"link_icon\"><\/span>\r\n                    <\/a>\r\n                    <\/div><\/div><\/div><a class=\"sc_services_item_link\" href=\"https:\/\/tolunayugur.com\/en\/hizmet\/kisiler-hukuku\/\"><\/a><\/div><\/div><\/div><div class=\"slider-slide swiper-slide\"><div data-post-id=\"17930\" class=\"sc_services_item sc_item_container post_container without_content with_more with_image with_number post-17930 cpt_services type-cpt_services status-publish has-post-thumbnail hentry\">\r\n\t\t<div class=\"sc_services_item_content\" style=\"background-image: url(https:\/\/tolunayugur.com\/wp-content\/uploads\/2023\/08\/Shutterstock-zqYAeFPtyj-1-840x560.jpg);\">\r\n\t\t\t\t<div class=\"sc_services_item_content_inner\"><div class=\"sc_services_item_content_inner_top\"><span class=\"sc_services_item_number\">03.<\/span><\/div><div class=\"sc_services_item_content_inner_bottom\">\r\n                <h6 class=\"sc_services_item_title\"><a href=\"https:\/\/tolunayugur.com\/en\/hizmet\/icra-ve-iflas-hukuku\/\">Enforcement and Bankruptcy Law<\/a><\/h6>\r\n                <div class=\"sc_services_item_button sc_item_button\">\r\n                    <a href=\"https:\/\/tolunayugur.com\/en\/hizmet\/icra-ve-iflas-hukuku\/\" class=\"sc_services_item_more_link\">\r\n                        <span class=\"link_text\">More information<\/span><span class=\"link_icon\"><\/span>\r\n                    <\/a>\r\n                    <\/div><\/div><\/div><a class=\"sc_services_item_link\" href=\"https:\/\/tolunayugur.com\/en\/hizmet\/icra-ve-iflas-hukuku\/\"><\/a><\/div><\/div><\/div><div class=\"slider-slide swiper-slide\"><div data-post-id=\"17931\" class=\"sc_services_item sc_item_container post_container without_content with_more with_image with_number post-17931 cpt_services type-cpt_services status-publish has-post-thumbnail hentry\">\r\n\t\t<div class=\"sc_services_item_content\" style=\"background-image: url(https:\/\/tolunayugur.com\/wp-content\/uploads\/2023\/08\/Shutterstock-N96Q1ARLTg-1-840x560.jpg);\">\r\n\t\t\t\t<div class=\"sc_services_item_content_inner\"><div class=\"sc_services_item_content_inner_top\"><span class=\"sc_services_item_number\">04.<\/span><\/div><div class=\"sc_services_item_content_inner_bottom\">\r\n                <h6 class=\"sc_services_item_title\"><a href=\"https:\/\/tolunayugur.com\/en\/hizmet\/ceza-hukuku\/\">Criminal law<\/a><\/h6>\r\n                <div class=\"sc_services_item_button sc_item_button\">\r\n                    <a href=\"https:\/\/tolunayugur.com\/en\/hizmet\/ceza-hukuku\/\" class=\"sc_services_item_more_link\">\r\n                        <span class=\"link_text\">More information<\/span><span class=\"link_icon\"><\/span>\r\n                    <\/a>\r\n                    <\/div><\/div><\/div><a class=\"sc_services_item_link\" href=\"https:\/\/tolunayugur.com\/en\/hizmet\/ceza-hukuku\/\"><\/a><\/div><\/div><\/div><div class=\"slider-slide swiper-slide\"><div data-post-id=\"17932\" class=\"sc_services_item sc_item_container post_container without_content with_more with_image with_number post-17932 cpt_services type-cpt_services status-publish has-post-thumbnail hentry\">\r\n\t\t<div class=\"sc_services_item_content\" style=\"background-image: url(https:\/\/tolunayugur.com\/wp-content\/uploads\/2023\/08\/Shutterstock-BRp8mG1HYb-1-840x560.jpg);\">\r\n\t\t\t\t<div class=\"sc_services_item_content_inner\"><div class=\"sc_services_item_content_inner_top\"><span class=\"sc_services_item_number\">05.<\/span><\/div><div class=\"sc_services_item_content_inner_bottom\">\r\n                <h6 class=\"sc_services_item_title\"><a href=\"https:\/\/tolunayugur.com\/en\/hizmet\/idare-hukuku\/\">Administrative law<\/a><\/h6>\r\n                <div class=\"sc_services_item_button sc_item_button\">\r\n                    <a href=\"https:\/\/tolunayugur.com\/en\/hizmet\/idare-hukuku\/\" class=\"sc_services_item_more_link\">\r\n                        <span class=\"link_text\">More information<\/span><span class=\"link_icon\"><\/span>\r\n                    <\/a>\r\n                    <\/div><\/div><\/div><a class=\"sc_services_item_link\" href=\"https:\/\/tolunayugur.com\/en\/hizmet\/idare-hukuku\/\"><\/a><\/div><\/div><\/div><div class=\"slider-slide swiper-slide\"><div data-post-id=\"17933\" class=\"sc_services_item sc_item_container post_container without_content with_more with_image with_number post-17933 cpt_services type-cpt_services status-publish has-post-thumbnail hentry\">\r\n\t\t<div class=\"sc_services_item_content\" style=\"background-image: url(https:\/\/tolunayugur.com\/wp-content\/uploads\/2023\/08\/Shutterstock-Z2R8b9Wniz-1-840x557.jpg);\">\r\n\t\t\t\t<div class=\"sc_services_item_content_inner\"><div class=\"sc_services_item_content_inner_top\"><span class=\"sc_services_item_number\">06.<\/span><\/div><div class=\"sc_services_item_content_inner_bottom\">\r\n                <h6 class=\"sc_services_item_title\"><a href=\"https:\/\/tolunayugur.com\/en\/hizmet\/miras-hukuku\/\">Inheritance Law<\/a><\/h6>\r\n                <div class=\"sc_services_item_button sc_item_button\">\r\n                    <a href=\"https:\/\/tolunayugur.com\/en\/hizmet\/miras-hukuku\/\" class=\"sc_services_item_more_link\">\r\n                        <span class=\"link_text\">More information<\/span><span class=\"link_icon\"><\/span>\r\n                    <\/a>\r\n                    <\/div><\/div><\/div><a class=\"sc_services_item_link\" href=\"https:\/\/tolunayugur.com\/en\/hizmet\/miras-hukuku\/\"><\/a><\/div><\/div><\/div><div class=\"slider-slide swiper-slide\"><div data-post-id=\"17934\" class=\"sc_services_item sc_item_container post_container without_content with_more with_image with_number post-17934 cpt_services type-cpt_services status-publish has-post-thumbnail hentry\">\r\n\t\t<div class=\"sc_services_item_content\" style=\"background-image: url(https:\/\/tolunayugur.com\/wp-content\/uploads\/2023\/08\/Shutterstock-Dqheu2XASm-1-840x560.jpg);\">\r\n\t\t\t\t<div class=\"sc_services_item_content_inner\"><div class=\"sc_services_item_content_inner_top\"><span class=\"sc_services_item_number\">07.<\/span><\/div><div class=\"sc_services_item_content_inner_bottom\">\r\n                <h6 class=\"sc_services_item_title\"><a href=\"https:\/\/tolunayugur.com\/en\/hizmet\/is-ve-sosyal-guvenlik-hukuku\/\">Labor and Social Security Law<\/a><\/h6>\r\n                <div class=\"sc_services_item_button sc_item_button\">\r\n                    <a href=\"https:\/\/tolunayugur.com\/en\/hizmet\/is-ve-sosyal-guvenlik-hukuku\/\" class=\"sc_services_item_more_link\">\r\n                        <span class=\"link_text\">More information<\/span><span class=\"link_icon\"><\/span>\r\n                    <\/a>\r\n                    <\/div><\/div><\/div><a class=\"sc_services_item_link\" href=\"https:\/\/tolunayugur.com\/en\/hizmet\/is-ve-sosyal-guvenlik-hukuku\/\"><\/a><\/div><\/div><\/div><div class=\"slider-slide swiper-slide\"><div data-post-id=\"17929\" class=\"sc_services_item sc_item_container post_container without_content with_more with_image with_number post-17929 cpt_services type-cpt_services status-publish has-post-thumbnail hentry\">\r\n\t\t<div class=\"sc_services_item_content\" style=\"background-image: url(https:\/\/tolunayugur.com\/wp-content\/uploads\/2023\/08\/Shutterstock-byXOaPMQl0-1-840x533.jpg);\">\r\n\t\t\t\t<div class=\"sc_services_item_content_inner\"><div class=\"sc_services_item_content_inner_top\"><span class=\"sc_services_item_number\">08.<\/span><\/div><div class=\"sc_services_item_content_inner_bottom\">\r\n                <h6 class=\"sc_services_item_title\"><a href=\"https:\/\/tolunayugur.com\/en\/hizmet\/kira-hukuku\/\">Rental Law<\/a><\/h6>\r\n                <div class=\"sc_services_item_button sc_item_button\">\r\n                    <a href=\"https:\/\/tolunayugur.com\/en\/hizmet\/kira-hukuku\/\" class=\"sc_services_item_more_link\">\r\n                        <span class=\"link_text\">More information<\/span><span class=\"link_icon\"><\/span>\r\n                    <\/a>\r\n                    <\/div><\/div><\/div><a class=\"sc_services_item_link\" href=\"https:\/\/tolunayugur.com\/en\/hizmet\/kira-hukuku\/\"><\/a><\/div><\/div><\/div><\/div><\/div><div class=\"slider_pagination_wrap swiper-pagination\"><\/div><div class=\"slider_controls_wrap\"><a class=\"slider_prev swiper-button-prev\" href=\"#\"><\/a><a class=\"slider_next swiper-button-next\" href=\"#\"><\/a><\/div><\/div><\/div>\t\t\t\t<\/div>\n\t\t\t\t<\/div>\n\t\t\t\t\t<\/div>\n\t\t<\/div>\n\t\t\t\t\t<\/div>\n\t\t<\/section>\n\t\t\t\t\t<\/div>\n\t\t<\/div>\n\t\t\t\t\t<\/div>\n\t\t<\/section>\n\t\t\t\t<section class=\"elementor-section elementor-top-section elementor-element elementor-element-97e3720 elementor-section-boxed elementor-section-height-default elementor-section-height-default sc_fly_static\" data-id=\"97e3720\" data-element_type=\"section\">\n\t\t\t\t\t\t<div class=\"elementor-container elementor-column-gap-extended\">\n\t\t\t\t\t<div class=\"elementor-column elementor-col-100 elementor-top-column elementor-element elementor-element-2a673b0 sc_inner_width_none sc_content_align_inherit sc_layouts_column_icons_position_left sc_fly_static\" data-id=\"2a673b0\" data-element_type=\"column\">\n\t\t\t<div class=\"elementor-widget-wrap elementor-element-populated\">\n\t\t\t\t\t\t<div class=\"elementor-element elementor-element-a2c2a60 sc_fly_static elementor-widget elementor-widget-spacer\" data-id=\"a2c2a60\" data-element_type=\"widget\" data-widget_type=\"spacer.default\">\n\t\t\t\t<div class=\"elementor-widget-container\">\n\t\t\t\t\t\t\t<div class=\"elementor-spacer\">\n\t\t\t<div class=\"elementor-spacer-inner\"><\/div>\n\t\t<\/div>\n\t\t\t\t\t\t<\/div>\n\t\t\t\t<\/div>\n\t\t\t\t\t<\/div>\n\t\t<\/div>\n\t\t\t\t\t<\/div>\n\t\t<\/section>\n\t\t\t\t<\/div>","protected":false},"excerpt":{"rendered":"<p>Hizmet verdi\u011fimiz hukuk alanlar\u0131 Faaliyet Alanlar\u0131m\u0131z 01. Aile Hukuku Detayl\u0131 Bilgi 02. Ki\u015filer Hukuku Detayl\u0131 Bilgi 03. \u0130cra ve \u0130flas Hukuku Detayl\u0131 Bilgi 04. Ceza Hukuku Detayl\u0131 Bilgi 05. \u0130dare&hellip;<\/p>","protected":false},"author":1,"featured_media":0,"parent":0,"menu_order":0,"comment_status":"closed","ping_status":"closed","template":"","meta":{"_joinchat":[],"footnotes":""},"class_list":["post-18037","page","type-page","status-publish","hentry"],"_links":{"self":[{"href":"https:\/\/tolunayugur.com\/en\/wp-json\/wp\/v2\/pages\/18037","targetHints":{"allow":["GET"]}}],"collection":[{"href":"https:\/\/tolunayugur.com\/en\/wp-json\/wp\/v2\/pages"}],"about":[{"href":"https:\/\/tolunayugur.com\/en\/wp-json\/wp\/v2\/types\/page"}],"author":[{"embeddable":true,"href":"https:\/\/tolunayugur.com\/en\/wp-json\/wp\/v2\/users\/1"}],"replies":[{"embeddable":true,"href":"https:\/\/tolunayugur.com\/en\/wp-json\/wp\/v2\/comments?post=18037"}],"version-history":[{"count":19,"href":"https:\/\/tolunayugur.com\/en\/wp-json\/wp\/v2\/pages\/18037\/revisions"}],"predecessor-version":[{"id":18297,"href":"https:\/\/tolunayugur.com\/en\/wp-json\/wp\/v2\/pages\/18037\/revisions\/18297"}],"wp:attachment":[{"href":"https:\/\/tolunayugur.com\/en\/wp-json\/wp\/v2\/media?parent=18037"}],"curies":[{"name":"wp","href":"https:\/\/api.w.org\/{rel}","templated":true}]}}